{"id":64,"date":"2021-01-13T15:15:34","date_gmt":"2021-01-13T15:15:34","guid":{"rendered":"https:\/\/loteriateruelamantes.es\/?page_id=64"},"modified":"2021-03-02T10:26:54","modified_gmt":"2021-03-02T10:26:54","slug":"loteria-amantes-2","status":"publish","type":"page","link":"https:\/\/loteriateruelamantes.es\/","title":{"rendered":"Loter\u00eda Amantes"},"content":{"rendered":"\n<p class=\"has-background-color has-text-color has-background\" style=\"background-color:#f7f9ef\">Somos una administraci\u00f3n que comenz\u00f3 en el a\u00f1o 2001, con suerte, esfuerzo y dedicaci\u00f3n, podemos compartir la experiencia de clientes que ponen sus ilusiones y las nuestras en n\u00fameros desde hace m\u00e1s de cien a\u00f1os\u2026.<\/p>\n\n\n\n<div class=\"wp-block-buttons is-layout-flex wp-block-buttons-is-layout-flex\">\n<div class=\"wp-block-button\"><a class=\"wp-block-button__link\" href=\"https:\/\/www.google.com\/maps\/place\/Administraci%C3%B3n+de+Loter%C3%ADa+n%C2%BA5+TERUEL\/@40.3430125,-1.1075951,15z\/data=!4m5!3m4!1s0x0:0x5d0b1e21fee0eea1!8m2!3d40.3430125!4d-1.1075951\" target=\"_blank\" rel=\"noreferrer noopener\">googlemaps<\/a><\/div>\n<\/div>\n\n\n\n<p><\/p>\n","protected":false},"excerpt":{"rendered":"<p>Somos una administraci\u00f3n que comenz\u00f3 en el a\u00f1o 2001, con suerte, esfuerzo y dedicaci\u00f3n, podemos compartir la experiencia de clientes que ponen sus ilusiones y las nuestras en n\u00fameros desde hace m\u00e1s de cien a\u00f1os\u2026.<\/p>\n","protected":false},"author":1,"featured_media":16,"parent":0,"menu_order":0,"comment_status":"closed","ping_status":"closed","template":"templates\/template-full-width.php","meta":{"footnotes":""},"class_list":["post-64","page","type-page","status-publish","has-post-thumbnail","hentry"],"_links":{"self":[{"href":"https:\/\/loteriateruelamantes.es\/index.php?rest_route=\/wp\/v2\/pages\/64","targetHints":{"allow":["GET"]}}],"collection":[{"href":"https:\/\/loteriateruelamantes.es\/index.php?rest_route=\/wp\/v2\/pages"}],"about":[{"href":"https:\/\/loteriateruelamantes.es\/index.php?rest_route=\/wp\/v2\/types\/page"}],"author":[{"embeddable":true,"href":"https:\/\/loteriateruelamantes.es\/index.php?rest_route=\/wp\/v2\/users\/1"}],"replies":[{"embeddable":true,"href":"https:\/\/loteriateruelamantes.es\/index.php?rest_route=%2Fwp%2Fv2%2Fcomments&post=64"}],"version-history":[{"count":4,"href":"https:\/\/loteriateruelamantes.es\/index.php?rest_route=\/wp\/v2\/pages\/64\/revisions"}],"predecessor-version":[{"id":83,"href":"https:\/\/loteriateruelamantes.es\/index.php?rest_route=\/wp\/v2\/pages\/64\/revisions\/83"}],"wp:featuredmedia":[{"embeddable":true,"href":"https:\/\/loteriateruelamantes.es\/index.php?rest_route=\/wp\/v2\/media\/16"}],"wp:attachment":[{"href":"https:\/\/loteriateruelamantes.es\/index.php?rest_route=%2Fwp%2Fv2%2Fmedia&parent=64"}],"curies":[{"name":"wp","href":"https:\/\/api.w.org\/{rel}","templated":true}]}}